{"id":128,"date":"2017-08-08T09:18:06","date_gmt":"2017-08-08T09:18:06","guid":{"rendered":"http:\/\/themetrademark.com\/demo\/edumart\/?page_id=128"},"modified":"2019-11-16T23:01:29","modified_gmt":"2019-11-16T23:01:29","slug":"localizacion","status":"publish","type":"page","link":"https:\/\/dev.iesislaverde.es\/index.php\/localizacion\/","title":{"rendered":"Localizaci\u00f3n"},"content":{"rendered":"<p>[vc_row][vc_column][vc_empty_space][\/vc_column][\/vc_row][vc_row][vc_column][vc_column_text]<\/p>\n<p style=\"padding-left: 30px;\"><span class=\"scayt-misspell\" data-scayt_word=\"Puede\" data-scaytid=\"7\"><span style=\"color: #339966;\"><strong><span class=\"st\">\u2022<\/span><\/strong><\/span> Puede<\/span> <span class=\"scayt-misspell\" data-scayt_word=\"llegar\" data-scaytid=\"9\">llegar<\/span> <span class=\"scayt-misspell\" data-scayt_word=\"por\" data-scaytid=\"11\">por<\/span> la <span class=\"scayt-misspell\" data-scayt_word=\"autov\u00eda\" data-scaytid=\"15\">autov\u00eda<\/span> de <span class=\"scayt-misspell\" data-scayt_word=\"circunvalaci\u00f3n\" data-scaytid=\"17\">circunvalaci\u00f3n<\/span> de <span class=\"scayt-misspell\" data-scayt_word=\"Algeciras\" data-scaytid=\"19\">Algeciras<\/span> <span class=\"scayt-misspell\" data-scayt_word=\"tomando\" data-scaytid=\"21\">tomando<\/span> la <strong><span class=\"scayt-misspell\" data-scayt_word=\"salida\" data-scaytid=\"23\">salida<\/span> de la plaza de <span class=\"scayt-misspell\" data-scayt_word=\"toros\" data-scaytid=\"31\">toros<\/span> (<span class=\"scayt-misspell\" data-scayt_word=\"107A\" data-scaytid=\"33\">107A<\/span>) <\/strong><span class=\"scayt-misspell\" data-scayt_word=\"viniendo\" data-scaytid=\"35\">viniendo<\/span> <span class=\"scayt-misspell\" data-scayt_word=\"desde\" data-scaytid=\"37\">desde<\/span> <span class=\"scayt-misspell\" data-scayt_word=\"C\u00e1diz\" data-scaytid=\"41\">C\u00e1diz<\/span><strong>. <\/strong><\/p>\n<p style=\"padding-left: 30px;\"><span class=\"scayt-misspell\" data-scayt_word=\"Tomamos\" data-scaytid=\"43\">Tomamos<\/span> la <span class=\"scayt-misspell\" data-scayt_word=\"primera\" data-scaytid=\"45\">primera<\/span> <span class=\"scayt-misspell\" data-scayt_word=\"salida\" data-scaytid=\"25\">salida<\/span> de la <span class=\"scayt-misspell\" data-scayt_word=\"rotonda\" data-scaytid=\"49\">rotonda<\/span> <span class=\"scayt-misspell\" data-scayt_word=\"monumento\" data-scaytid=\"57\">monumento<\/span> al torero<strong>; <\/strong><span class=\"scayt-misspell\" data-scayt_word=\"bajar\" data-scaytid=\"59\">bajamos <\/span><span class=\"scayt-misspell\" data-scayt_word=\"hacia\" data-scaytid=\"61\">hacia<\/span> la <span class=\"scayt-misspell\" data-scayt_word=\"rotonda\" data-scaytid=\"51\">rotonda<\/span> del <span class=\"scayt-misspell\" data-scayt_word=\"milenio\" data-scaytid=\"65\">milenio<\/span>, <span class=\"scayt-misspell\" data-scayt_word=\"girar\" data-scaytid=\"69\">giramos<\/span> a la <span class=\"scayt-misspell\" data-scayt_word=\"derecha\" data-scaytid=\"71\">derecha <\/span>(<span class=\"scayt-misspell\" data-scayt_word=\"primera\" data-scaytid=\"47\">primera<\/span> <span class=\"scayt-misspell\" data-scayt_word=\"salida\" data-scaytid=\"27\">salida<\/span>), <span class=\"scayt-misspell\" data-scayt_word=\"seguimos\" data-scaytid=\"103\">seguimos<\/span> <span class=\"scayt-misspell\" data-scayt_word=\"hac\u00eda\" data-scaytid=\"109\">hacia<\/span> el <span class=\"scayt-misspell\" data-scayt_word=\"frente\" data-scaytid=\"137\">frente<\/span> y a <span class=\"scayt-misspell\" data-scayt_word=\"unos\" data-scaytid=\"139\">unos<\/span> 400 m, <span class=\"scayt-misspell\" data-scayt_word=\"llegamos\" data-scaytid=\"141\">llegamos<\/span> al <span class=\"scayt-misspell\" data-scayt_word=\"instituto\" data-scaytid=\"143\">instituto<\/span>.<\/p>\n<p>&nbsp;<\/p>\n<p style=\"padding-left: 30px;\"><span style=\"color: #339966;\"><strong><span class=\"st\">\u2022<\/span><\/strong> <\/span>Tambi\u00e9n puede venir <span class=\"scayt-misspell\" data-scayt_word=\"desde\" data-scaytid=\"39\">desde<\/span> <span class=\"scayt-misspell\" data-scayt_word=\"M\u00e1laga\" data-scaytid=\"75\">M\u00e1laga<\/span> <span class=\"scayt-misspell\" data-scayt_word=\"direcci\u00f3n\" data-scaytid=\"77\">direcci\u00f3n <\/span><span class=\"scayt-misspell\" data-scayt_word=\"C\u00e1diz\" data-scaytid=\"67\">C\u00e1diz,<\/span> <span class=\"scayt-misspell\" data-scayt_word=\"tomaremos\" data-scaytid=\"79\">tomando<\/span> la <strong><span class=\"scayt-misspell\" data-scayt_word=\"salida\" data-scaytid=\"29\">salida<\/span> <span class=\"scayt-misspell\" data-scayt_word=\"107B\" data-scaytid=\"151\">107B<\/span> <\/strong><span class=\"scayt-misspell\" data-scayt_word=\"que\" data-scaytid=\"83\">que<\/span> <span class=\"scayt-misspell\" data-scayt_word=\"indica\" data-scaytid=\"85\">indica<\/span> <span class=\"scayt-misspell\" data-scayt_word=\"Avda\" data-scaytid=\"87\">Avda<\/span>. <span class=\"scayt-misspell\" data-scayt_word=\"Virgen\" data-scaytid=\"89\">Virgen<\/span> del Carmen, <span class=\"scayt-misspell\" data-scayt_word=\"centro\" data-scaytid=\"91\">centro<\/span> <span class=\"scayt-misspell\" data-scayt_word=\"ciudad\" data-scaytid=\"93\">ciudad<\/span>.<\/p>\n<p style=\"padding-left: 30px;\">A <span class=\"scayt-misspell\" data-scayt_word=\"continuaci\u00f3n\" data-scaytid=\"95\">continuaci\u00f3n<\/span> <span class=\"scayt-misspell\" data-scayt_word=\"pasamos\" data-scaytid=\"97\">pasamos<\/span> <span class=\"scayt-misspell\" data-scayt_word=\"por\" data-scaytid=\"13\">por<\/span> <span class=\"scayt-misspell\" data-scayt_word=\"debajo\" data-scaytid=\"99\">debajo<\/span> del <span class=\"scayt-misspell\" data-scayt_word=\"puente\" data-scaytid=\"101\">puente<\/span> y <span class=\"scayt-misspell\" data-scayt_word=\"seguimos\" data-scaytid=\"105\">seguimos<\/span> <span class=\"scayt-misspell\" data-scayt_word=\"hac\u00eda\" data-scaytid=\"111\">hacia<\/span> <span class=\"scayt-misspell\" data-scayt_word=\"delante\" data-scaytid=\"119\">delante<\/span> <span class=\"scayt-misspell\" data-scayt_word=\"hasta\" data-scaytid=\"121\">hasta<\/span> la <span class=\"scayt-misspell\" data-scayt_word=\"rotonda\" data-scaytid=\"53\">rotonda<\/span> del <span class=\"scayt-misspell\" data-scayt_word=\"Milenio\" data-scaytid=\"123\">Milenio<\/span>. <span class=\"scayt-misspell\" data-scayt_word=\"Posteriormente\" data-scaytid=\"125\">Continuamos avanzando por<\/span> la <span class=\"scayt-misspell\" data-scayt_word=\"rotonda\" data-scaytid=\"55\">rotonda<\/span> de La <span class=\"scayt-misspell\" data-scayt_word=\"Pandereta\" data-scaytid=\"129\">Pandereta<\/span> de la <span class=\"scayt-misspell\" data-scayt_word=\"Feria\" data-scaytid=\"131\">Feria,<\/span> y <span class=\"scayt-misspell\" data-scayt_word=\"llegamos\" data-scaytid=\"133\">llegamos<\/span> al <span class=\"scayt-misspell\" data-scayt_word=\"Instituto\" data-scaytid=\"135\">Instituto<\/span>.<\/p>\n<p>[\/vc_column_text][\/vc_column][\/vc_row][vc_row fullwidth=&#8221;yes&#8221; el_class=&#8221;google-map&#8221;][vc_column css=&#8221;.vc_custom_1502248379266{padding-right: 0px !important;padding-left: 0px !important;}&#8221;]<div id=\"map\"><\/div>\n<script type=\"text\/javascript\">\njQuery(document).ready(function($) {   \n    var $ = jQuery.noConflict();\n    (function($) {\n    \"use strict\";\n\n    var mapId = $('#map');\n    if (mapId.length > 0) {\n        \/\/ When the window has finished loading create our google map below\n        google.maps.event.addDomListener(window, 'load', init);\n\n        function init() {\n\n            \/\/ Basic options for a simple Google Map\n            \/\/ For more options see: https:\/\/developers.google.com\/maps\/documentation\/javascript\/reference#MapOptions\n            var mapOptions = {\n                \/\/ How zoomed in you want the map to start at (always required)\n                zoom: 15,\n                scrollwheel: false,\n\n                \/\/ The latitude and longitude to center the map (always required)\n                center: new google.maps.LatLng(36.137766, -5.456316), \/\/ New York\n\n                \/\/ How you would like to style the map. \n                \/\/ This is where you would paste any style found on Snazzy Maps.\n                styles: [{\n                    \"featureType\": \"road\",\n                    \"elementType\": \"labels\",\n                    \"stylers\": [{\n                        \"visibility\": \"off\"\n                    }]\n                }, {\n                    \"featureType\": \"poi\",\n                    \"elementType\": \"labels\",\n                    \"stylers\": [{\n                        \"visibility\": \"off\"\n                    }]\n                }, {\n                    \"featureType\": \"transit\",\n                    \"elementType\": \"labels.text\",\n                    \"stylers\": [{\n                        \"visibility\": \"off\"\n                    }]\n                }]\n            };\n\n            \/\/ Get the HTML DOM element that will contain your map \n            \/\/ We are using a div with id=\"map\" seen below in the <body>\n            var mapElement = document.getElementById('map');\n\n            \/\/ Create the Google Map using our element and options defined above\n            var map = new google.maps.Map(mapElement, mapOptions);\n\n            \/\/ Let's also add a marker while we're at it\n            var marker = new google.maps.Marker({\n                position: new google.maps.LatLng(36.137766, -5.456316),\n                map: map,\n                icon: \"https:\/\/dev.iesislaverde.es\/wp-content\/uploads\/2017\/08\/map-ico.png\",\n                title: ''\n            });\n        }\n    }\n})(jQuery);\n});\n<\/script>\n<div class=\"container\">\n    <div class=\"contact-detail\">\n      <div class=\"address\">\n        <div class=\"inner\">\n          <h3>Carretera C\u00e1diz-M\u00e1laga s\/n.<\/h3>\n          <p>11203, Algeciras (C\u00e1diz)<\/p>\n        <\/div>\n        <div class=\"inner\">\n          <h3>956 670 192 <\/h3>\n        <\/div>\n        <div class=\"inner\"> <a href=\"mailto:11000368.edu@juntadeandalucia.es\">11000368.edu@juntadeandalucia.es<\/a> <\/div>\n      <\/div>\n      <div class=\"contact-bottom\">\n        <ul class=\"follow-us clearfix\">\n                  <li><a href=\"https:\/\/es-es.facebook.com\/iesislaverde\"><i class=\"fa fa-facebook\" aria-hidden=\"true\"><\/i><\/a><\/li>\n                    <li><a href=\"https:\/\/twitter.com\/iesislaverde\"><i class=\"fa fa-twitter\" aria-hidden=\"true\"><\/i><\/a><\/li>\n                    <li><a href=\"https:\/\/www.youtube.com\/user\/iesislaverde\/\"><i class=\"fa fa-youtube\" aria-hidden=\"true\"><\/i><\/a><\/li>\n                  <\/ul>\n      <\/div>\n    <\/div>\n<\/div>\n[\/vc_column][\/vc_row][vc_row][vc_column][vc_empty_space height=&#8221;50px&#8221;][\/vc_column][\/vc_row][vc_row][vc_column][vc_column_text]<\/p>\n<h2>\u00bfAlguna duda? Contacte con nosotr@s<\/h2>\n<p>[\/vc_column_text][\/vc_column][\/vc_row][vc_row el_class=&#8221;form-wrapper padding-lg&#8221;][vc_column]<div role=\"form\" class=\"wpcf7\" id=\"wpcf7-f133-o1\" lang=\"en-US\" dir=\"ltr\">\n<div class=\"screen-reader-response\"><p role=\"status\" aria-live=\"polite\" aria-atomic=\"true\"><\/p> <ul><\/ul><\/div>\n<form action=\"\/index.php\/wp-json\/wp\/v2\/pages\/128#wpcf7-f133-o1\" method=\"post\" class=\"wpcf7-form init\" novalidate=\"novalidate\" data-status=\"init\">\n<div style=\"display: none;\">\n<input type=\"hidden\" name=\"_wpcf7\" value=\"133\" \/>\n<input type=\"hidden\" name=\"_wpcf7_version\" value=\"5.4.2\" \/>\n<input type=\"hidden\" name=\"_wpcf7_locale\" value=\"en_US\" \/>\n<input type=\"hidden\" name=\"_wpcf7_unit_tag\" value=\"wpcf7-f133-o1\" \/>\n<input type=\"hidden\" name=\"_wpcf7_container_post\" value=\"0\" \/>\n<input type=\"hidden\" name=\"_wpcf7_posted_data_hash\" value=\"\" \/>\n<\/div>\n<div class=\"row input-row\">\n<div class=\"col-sm-6\">\n     <span class=\"wpcf7-form-control-wrap first_name\"><input type=\"text\" name=\"first_name\" value=\"\" size=\"40\" class=\"wpcf7-form-control wpcf7-text wpcf7-validates-as-required\" aria-required=\"true\" aria-invalid=\"false\" placeholder=\"Nombre\" \/><\/span>\n  <\/div>\n<div class=\"col-sm-6\">\n     <span class=\"wpcf7-form-control-wrap last_name\"><input type=\"text\" name=\"last_name\" value=\"\" size=\"40\" class=\"wpcf7-form-control wpcf7-text wpcf7-validates-as-required\" aria-required=\"true\" aria-invalid=\"false\" placeholder=\"Apellidos\" \/><\/span>\n  <\/div>\n<\/div>\n<div class=\"row input-row\">\n<div class=\"col-sm-6\">\n      <span class=\"wpcf7-form-control-wrap phone_number\"><input type=\"text\" name=\"phone_number\" value=\"\" size=\"40\" class=\"wpcf7-form-control wpcf7-text\" aria-invalid=\"false\" placeholder=\"Tel\u00e9fono\" \/><\/span>\n   <\/div>\n<div class=\"col-sm-6\">\n      <span class=\"wpcf7-form-control-wrap your-email\"><input type=\"email\" name=\"your-email\" value=\"\" size=\"40\" class=\"wpcf7-form-control wpcf7-text wpcf7-email wpcf7-validates-as-required wpcf7-validates-as-email\" aria-required=\"true\" aria-invalid=\"false\" placeholder=\"Email\" \/><\/span>\n   <\/div>\n<\/div>\n<div class=\"row submit-cus\">\n<div class=\"col-sm-12\">\n      <input type=\"submit\" value=\"Enviar\" class=\"wpcf7-form-control wpcf7-submit btn\" \/><br \/>\n      <span class=\"icon-more-icon\"><\/span><\/p>\n<div class=\"msg\"><\/div>\n<\/div>\n<\/div>\n<div class=\"wpcf7-response-output\" aria-hidden=\"true\"><\/div><\/form><\/div>[\/vc_column][\/vc_row]<\/p>\n","protected":false},"excerpt":{"rendered":"<p>[vc_row][vc_column][vc_empty_space][\/vc_column][\/vc_row][vc_row][vc_column][vc_column_text] \u2022 Puede llegar por la autov\u00eda de circunvalaci\u00f3n de Algeciras tomando la salida de la plaza de toros (107A) viniendo desde C\u00e1diz. Tomamos la primera salida de la rotonda monumento al torero; bajamos hacia la rotonda del milenio, giramos a la derecha (primera salida), seguimos hacia el frente y a unos 400 m, llegamos [&hellip;]<\/p>\n","protected":false},"author":15,"featured_media":0,"parent":0,"menu_order":0,"comment_status":"closed","ping_status":"closed","template":"template\/contact.php","meta":{"footnotes":""},"class_list":["post-128","page","type-page","status-publish","hentry"],"_links":{"self":[{"href":"https:\/\/dev.iesislaverde.es\/index.php\/wp-json\/wp\/v2\/pages\/128","targetHints":{"allow":["GET"]}}],"collection":[{"href":"https:\/\/dev.iesislaverde.es\/index.php\/wp-json\/wp\/v2\/pages"}],"about":[{"href":"https:\/\/dev.iesislaverde.es\/index.php\/wp-json\/wp\/v2\/types\/page"}],"author":[{"embeddable":true,"href":"https:\/\/dev.iesislaverde.es\/index.php\/wp-json\/wp\/v2\/users\/15"}],"replies":[{"embeddable":true,"href":"https:\/\/dev.iesislaverde.es\/index.php\/wp-json\/wp\/v2\/comments?post=128"}],"version-history":[{"count":1,"href":"https:\/\/dev.iesislaverde.es\/index.php\/wp-json\/wp\/v2\/pages\/128\/revisions"}],"predecessor-version":[{"id":2375,"href":"https:\/\/dev.iesislaverde.es\/index.php\/wp-json\/wp\/v2\/pages\/128\/revisions\/2375"}],"wp:attachment":[{"href":"https:\/\/dev.iesislaverde.es\/index.php\/wp-json\/wp\/v2\/media?parent=128"}],"curies":[{"name":"wp","href":"https:\/\/api.w.org\/{rel}","templated":true}]}}