{"id":1642,"date":"2018-05-22T10:38:48","date_gmt":"2018-05-22T10:38:48","guid":{"rendered":"http:\/\/www.iesislaverde.es\/?page_id=1642"},"modified":"2019-11-17T08:51:31","modified_gmt":"2019-11-17T08:51:31","slug":"bachillerato","status":"publish","type":"page","link":"https:\/\/dev.iesislaverde.es\/index.php\/bachillerato\/","title":{"rendered":"Bachillerato"},"content":{"rendered":"<p>[vc_row][vc_column][vc_empty_space][\/vc_column][\/vc_row][vc_row][vc_column][vc_toggle title=&#8221;BACHILLERATO DE CIENCIAS \u2013 PRIMER CURSO&#8221; style=&#8221;square_outline&#8221; color=&#8221;peacoc&#8221; size=&#8221;sm&#8221;]<\/p>\n<div class=\"col-sm-8 heading-right\">\n<ul class=\"privacy-listing\">\n<li>Troncales generales\n<ul>\n<li>Lengua Castellana y Literatura I (3h)<\/li>\n<li>Filosof\u00eda (3h)<\/li>\n<li>Primera Lengua Extranjera I (3h)<\/li>\n<li>Matem\u00e1ticas I(4h)<\/li>\n<\/ul>\n<\/li>\n<\/ul>\n<ul class=\"privacy-listing\">\n<li>Troncales a elegir\n<ul>\n<li>F\u00edsica y Qu\u00edmica (4h)<\/li>\n<li>A elegir 1 (4h):\n<ul>\n<li>Futuros estudios rel. Ciencias Salud: Biolog\u00eda y Geolog\u00eda ( Ciencias de la Salud)<\/li>\n<li>Futuros estudios rel. Ingenier\u00edas: Dibujo T\u00e9cnico I (Ingenier\u00edas)<\/li>\n<\/ul>\n<\/li>\n<\/ul>\n<\/li>\n<\/ul>\n<ul class=\"privacy-listing\">\n<li>Espec\u00edficas\n<ul>\n<li>Educaci\u00f3n F\u00edsica (2h)<\/li>\n<li>Segunda Lengua Extranjera (2h)<\/li>\n<\/ul>\n<\/li>\n<\/ul>\n<ul class=\"privacy-listing\">\n<li>Espec\u00edficas de opci\u00f3n\n<ul>\n<li>Futuros estudios rel. Ciencias Salud: Anatom\u00eda aplicada (4h)<\/li>\n<li>Futuros estudios rel. Ingenier\u00edas: Tecnolog\u00eda Industrial I (4h)<\/li>\n<li>Futuros estudios rel. Ciencias Salud\/Ingenier\u00edas: Tecnolog\u00eda de la Informaci\u00f3n y la Comunicaci\u00f3n (4h)<\/li>\n<\/ul>\n<\/li>\n<\/ul>\n<ul class=\"privacy-listing\">\n<li>Libre configuraci\u00f3n auton\u00f3mica (a elegir una)\n<ul>\n<li>Educaci\u00f3n para la Ciudadan\u00eda y los Derechos Humanos I (1h)<\/li>\n<li>Religi\u00f3n\/Valores \u00c9ticos (1h)<\/li>\n<\/ul>\n<\/li>\n<\/ul>\n<ul class=\"privacy-listing\">\n<li>Libre configuraci\u00f3n auton\u00f3mica (elegir una)\n<ul>\n<li>Patrimonio Cultural y Art\u00edstico de Andaluc\u00eda (2h)<\/li>\n<li>Cultura Emprendedora y Empresarial (2h)<\/li>\n<\/ul>\n<\/li>\n<\/ul>\n<\/div>\n<p>[\/vc_toggle][vc_toggle title=&#8221;BACHILLERATO DE CIENCIAS \u2013 SEGUNDO CURSO&#8221; style=&#8221;square_outline&#8221; color=&#8221;peacoc&#8221; size=&#8221;sm&#8221;]<\/p>\n<div class=\"col-sm-8 heading-right\">\n<ul class=\"privacy-listing\">\n<li>Troncales generales\n<ul>\n<li>Lengua Castellana y Literatura I (3h)<\/li>\n<li>Historia de Espa\u00f1a (3h)<\/li>\n<li>Primera Lengua Extranjera I (3h)<\/li>\n<li>Matem\u00e1ticas II (4h)<\/li>\n<\/ul>\n<\/li>\n<\/ul>\n<ul class=\"privacy-listing\">\n<li>Troncales a opci\u00f3n\n<ul>\n<li>Futuros estudios relacionados con Ciencias Salud (a elegir\u00a0dos):\n<ul>\n<li>Biolog\u00eda (4h)<\/li>\n<li>Qu\u00edmica (4h)<\/li>\n<li>F\u00edsica (4h)<\/li>\n<\/ul>\n<\/li>\n<li>Futuros estudios relacionados con Ingenier\u00edas ( a elegir dos):\n<ul>\n<li>F\u00edsica (4h)<\/li>\n<li>Geolog\u00eda (4h)<\/li>\n<li>Dibujo T\u00e9cnico II (4h)<\/li>\n<\/ul>\n<\/li>\n<\/ul>\n<\/li>\n<\/ul>\n<ul class=\"privacy-listing\">\n<li>Espec\u00edficas obligatorias\n<ul>\n<li>Historia de la Filosof\u00eda (2h)<\/li>\n<\/ul>\n<\/li>\n<\/ul>\n<ul class=\"privacy-listing\">\n<li>Espec\u00edficas de opci\u00f3n\n<ul>\n<li>Futuros estudios relacionados Ciencias Salud (elegir una)\u00a0:\n<ul>\n<li>Ciencias de la Tierra y del Medioambiente (4h)<\/li>\n<li>Psicolog\u00eda (4h)<\/li>\n<\/ul>\n<\/li>\n<li>Futuros estudios relacionados Ingenier\u00edas:\n<ul>\n<li>Tecnolog\u00eda Industrial II (4h)<\/li>\n<\/ul>\n<\/li>\n<li>Futuros estudios relacionados Ciencias Salud\/Ingenier\u00edas:\n<ul>\n<li>Tecnolog\u00edas de la Informaci\u00f3n y la Comunicaci\u00f3n (4h)<\/li>\n<\/ul>\n<\/li>\n<\/ul>\n<\/li>\n<\/ul>\n<ul class=\"privacy-listing\">\n<li>Libre configuraci\u00f3n auton\u00f3mica (a elegir una)\n<ul>\n<li>Educaci\u00f3n para la Ciudadan\u00eda y los Derechos Humanos I (1h)<\/li>\n<li>Religi\u00f3n\/Valores \u00c9ticos (1h)<\/li>\n<\/ul>\n<\/li>\n<\/ul>\n<ul class=\"privacy-listing\">\n<li>Libre configuraci\u00f3n auton\u00f3mica (elegir una)\n<ul>\n<li>Segunda Lengua Extranjera II (2h)<\/li>\n<li>Electrotecnia (2h)<\/li>\n<li>Materias de ampliaci\u00f3n o de dise\u00f1o propio (2h):<\/li>\n<li>Introducci\u00f3n a las Ciencias de la Salud<\/li>\n<li>Estad\u00edstica<\/li>\n<\/ul>\n<\/li>\n<\/ul>\n<\/div>\n<p>[\/vc_toggle][vc_toggle title=&#8221;BACHILLERATO DE HUMANIDADES Y CIENCIAS SOCIALES \u2013 PRIMER CURSO&#8221; style=&#8221;square_outline&#8221; color=&#8221;peacoc&#8221; size=&#8221;sm&#8221;]<\/p>\n<div class=\"col-sm-8 heading-right\">\n<ul class=\"privacy-listing\">\n<li>Troncales generales\n<ul>\n<li>Lengua Castellana y Literatura I (3h)<\/li>\n<li>Filosof\u00eda (3h)<\/li>\n<li>Primera Lengua Extranjera I (3h)<\/li>\n<li><strong>Humanidades<\/strong>:\u00a0Lat\u00edn I (4h)<\/li>\n<li><strong>Ciencias sociales<\/strong>:\u00a0Matem\u00e1ticas Aplicadas a las\u00a0Ciencias Sociales (4h)<\/li>\n<\/ul>\n<\/li>\n<\/ul>\n<ul class=\"privacy-listing\">\n<li>Troncales a opci\u00f3n\n<ul>\n<li><strong>Humanidades<\/strong>:\n<ul>\n<li>Griego (4h)<\/li>\n<li>Literatura Universal (4h)<\/li>\n<\/ul>\n<\/li>\n<li><strong>Ciencias sociales<\/strong>:\n<ul>\n<li>Econom\u00eda (4h)<\/li>\n<li>Historia del Mundo\u00a0Contempor\u00e1neo (4h)<\/li>\n<\/ul>\n<\/li>\n<\/ul>\n<\/li>\n<\/ul>\n<ul class=\"privacy-listing\">\n<li>Espec\u00edficas obligatorias\n<ul>\n<li>Educaci\u00f3n F\u00edsica (2h)<\/li>\n<li>Segunda lengua extranjera (2h)<\/li>\n<\/ul>\n<\/li>\n<\/ul>\n<ul class=\"privacy-listing\">\n<li>Espec\u00edficas de opci\u00f3n\n<ul>\n<li>Tecnolog\u00eda de la Informaci\u00f3n y la Comunicaci\u00f3n (4h)<\/li>\n<li>Lenguaje y Pr\u00e1ctica Musical (4h)<\/li>\n<\/ul>\n<\/li>\n<\/ul>\n<ul class=\"privacy-listing\">\n<li>Libre configuraci\u00f3n auton\u00f3mica (a elegir una)\n<ul>\n<li>Educaci\u00f3n para la Ciudadan\u00eda y los Derechos Humanos I (1h)<\/li>\n<li>Religi\u00f3n\/Valores \u00c9ticos (1h)<\/li>\n<\/ul>\n<\/li>\n<\/ul>\n<ul class=\"privacy-listing\">\n<li>Libre configuraci\u00f3n auton\u00f3mica (elegir una)\n<ul>\n<li>Patrimonio Cultural y Art\u00edstico de Andaluc\u00eda (2h)<\/li>\n<li>Cultura Emprendedora y Empresarial (2h)<\/li>\n<\/ul>\n<\/li>\n<\/ul>\n<\/div>\n<p>[\/vc_toggle][vc_toggle title=&#8221;BACHILLERATO DE HUMANIDADES Y CIENCIAS SOCIALES \u2013 SEGUNDO CURSO&#8221; style=&#8221;square_outline&#8221; color=&#8221;peacoc&#8221; size=&#8221;sm&#8221;]<\/p>\n<div class=\"col-sm-8 heading-right\">\n<ul class=\"privacy-listing\">\n<li>Troncales generales\n<ul>\n<li>Lengua Castellana y Literatura (3h)<\/li>\n<li>istoria de Espa\u00f1a (3h)<\/li>\n<li>Primera Lengua Extranjera I (3h)<\/li>\n<li><strong>Humanidades<\/strong>:\u00a0Lat\u00edn II (4h)<\/li>\n<li><strong>Ciencias sociales<\/strong>:\u00a0Matem\u00e1ticas Aplicadas a las Ciencias Sociales (4h)<\/li>\n<\/ul>\n<\/li>\n<\/ul>\n<ul class=\"privacy-listing\">\n<li>Troncales a opci\u00f3n\n<ul>\n<li><strong>Humanidades<\/strong>:\n<ul>\n<li>Griego II(4h)<\/li>\n<li>Historia del Arte (4h)<\/li>\n<\/ul>\n<\/li>\n<li><strong>Ciencias sociales<\/strong>:\n<ul>\n<li>Econom\u00eda de la Empresa (4h)<\/li>\n<li>Geograf\u00eda (4h)<\/li>\n<\/ul>\n<\/li>\n<\/ul>\n<\/li>\n<\/ul>\n<ul class=\"privacy-listing\">\n<li>Espec\u00edficas obligatorias\n<ul>\n<li>Historia de la Filosof\u00eda (2h)<\/li>\n<\/ul>\n<\/li>\n<\/ul>\n<ul class=\"privacy-listing\">\n<li>Espec\u00edficas de opci\u00f3n\u00a0(a elegir una)\n<ul>\n<li><strong>Ciencias sociales<\/strong>:\n<ul>\n<li>Fundamentos de Administraci\u00f3n y Gesti\u00f3n (4h)<\/li>\n<li>Tecnolog\u00eda de la Informaci\u00f3n y la Comunicaci\u00f3n II (4h)<\/li>\n<\/ul>\n<\/li>\n<li><strong>Humanidades<\/strong>:\n<ul>\n<li>Segunda Lengua Extranjera (4h)<\/li>\n<li>Tecnolog\u00eda de la Informaci\u00f3n y la Comunicaci\u00f3n II (4h)<\/li>\n<\/ul>\n<\/li>\n<\/ul>\n<\/li>\n<\/ul>\n<ul class=\"privacy-listing\">\n<li>Libre configuraci\u00f3n auton\u00f3mica (a elegir una)\n<ul>\n<li>Educaci\u00f3n para la Ciudadan\u00eda y los Derechos Humanos I (1h)<\/li>\n<li>Religi\u00f3n\/Valores \u00c9ticos (1h)<\/li>\n<\/ul>\n<\/li>\n<\/ul>\n<ul class=\"privacy-listing\">\n<li>Libre configuraci\u00f3n auton\u00f3mica (elegir una)\n<ul>\n<li>Segunda Lengua Extranjera II (2h)<\/li>\n<li>Materias de ampliaci\u00f3n o de dise\u00f1o propio (2h):\n<ul>\n<li>Estad\u00edstica<\/li>\n<li><\/li>\n<\/ul>\n<\/li>\n<\/ul>\n<\/li>\n<\/ul>\n<\/div>\n<p>[\/vc_toggle][\/vc_column][\/vc_row]<\/p>\n","protected":false},"excerpt":{"rendered":"<p>[vc_row][vc_column][vc_empty_space][\/vc_column][\/vc_row][vc_row][vc_column][vc_toggle title=&#8221;BACHILLERATO DE CIENCIAS \u2013 PRIMER CURSO&#8221; style=&#8221;square_outline&#8221; color=&#8221;peacoc&#8221; size=&#8221;sm&#8221;] Troncales generales Lengua Castellana y Literatura I (3h) Filosof\u00eda (3h) Primera Lengua Extranjera I (3h) Matem\u00e1ticas I(4h) Troncales a elegir F\u00edsica y Qu\u00edmica (4h) A elegir 1 (4h): Futuros estudios rel. Ciencias Salud: Biolog\u00eda y Geolog\u00eda ( Ciencias de la Salud) Futuros estudios rel. Ingenier\u00edas: [&hellip;]<\/p>\n","protected":false},"author":2,"featured_media":354,"parent":0,"menu_order":0,"comment_status":"closed","ping_status":"closed","template":"template\/contact.php","meta":{"footnotes":""},"class_list":["post-1642","page","type-page","status-publish","has-post-thumbnail","hentry"],"_links":{"self":[{"href":"https:\/\/dev.iesislaverde.es\/index.php\/wp-json\/wp\/v2\/pages\/1642","targetHints":{"allow":["GET"]}}],"collection":[{"href":"https:\/\/dev.iesislaverde.es\/index.php\/wp-json\/wp\/v2\/pages"}],"about":[{"href":"https:\/\/dev.iesislaverde.es\/index.php\/wp-json\/wp\/v2\/types\/page"}],"author":[{"embeddable":true,"href":"https:\/\/dev.iesislaverde.es\/index.php\/wp-json\/wp\/v2\/users\/2"}],"replies":[{"embeddable":true,"href":"https:\/\/dev.iesislaverde.es\/index.php\/wp-json\/wp\/v2\/comments?post=1642"}],"version-history":[{"count":1,"href":"https:\/\/dev.iesislaverde.es\/index.php\/wp-json\/wp\/v2\/pages\/1642\/revisions"}],"predecessor-version":[{"id":2356,"href":"https:\/\/dev.iesislaverde.es\/index.php\/wp-json\/wp\/v2\/pages\/1642\/revisions\/2356"}],"wp:featuredmedia":[{"embeddable":true,"href":"https:\/\/dev.iesislaverde.es\/index.php\/wp-json\/wp\/v2\/media\/354"}],"wp:attachment":[{"href":"https:\/\/dev.iesislaverde.es\/index.php\/wp-json\/wp\/v2\/media?parent=1642"}],"curies":[{"name":"wp","href":"https:\/\/api.w.org\/{rel}","templated":true}]}}