{"id":2446,"date":"2019-11-17T21:03:25","date_gmt":"2019-11-17T21:03:25","guid":{"rendered":"https:\/\/www.iesislaverde.es\/?page_id=2446"},"modified":"2020-08-24T21:30:14","modified_gmt":"2020-08-24T21:30:14","slug":"horario_secretaria","status":"publish","type":"page","link":"https:\/\/dev.iesislaverde.es\/index.php\/horario_secretaria\/","title":{"rendered":"Horario de atenci\u00f3n"},"content":{"rendered":"<p>[vc_row][vc_column][vc_empty_space][\/vc_column][\/vc_row][vc_row][vc_column][vc_column_text]Durante el periodo de aplicaci\u00f3n del PROTOCOLO DE ACTUACI\u00d3N POR COVID19, no se podr\u00e1 acceder a la secretar\u00eda en el horario habitual de atenci\u00f3n de 10 a 12. Se har\u00e1 mediante cita previa o puede solicitar certificado o aportar documentaci\u00f3n a trav\u00e9s de:\u00a0 <a href=\"mailto:administracion@iesislaverde.es\">administracion@iesislaverde.es<\/a><\/p>\n<p>Siempre que haga uso de esta direcci\u00f3n de correo-e debe esperar confirmaci\u00f3n de tal petici\u00f3n o env\u00edo a trav\u00e9s del personal de administraci\u00f3n.[\/vc_column_text][\/vc_column][\/vc_row]<\/p>\n","protected":false},"excerpt":{"rendered":"<p>[vc_row][vc_column][vc_empty_space][\/vc_column][\/vc_row][vc_row][vc_column][vc_column_text]Durante el periodo de aplicaci\u00f3n del PROTOCOLO DE ACTUACI\u00d3N POR COVID19, no se podr\u00e1 acceder a la secretar\u00eda en el horario habitual de atenci\u00f3n de 10 a 12. Se har\u00e1 mediante cita previa o puede solicitar certificado o aportar documentaci\u00f3n a trav\u00e9s de:\u00a0 administracion@iesislaverde.es Siempre que haga uso de esta direcci\u00f3n de correo-e debe esperar [&hellip;]<\/p>\n","protected":false},"author":15,"featured_media":0,"parent":0,"menu_order":0,"comment_status":"closed","ping_status":"closed","template":"template\/contact.php","meta":{"footnotes":""},"class_list":["post-2446","page","type-page","status-publish","hentry"],"_links":{"self":[{"href":"https:\/\/dev.iesislaverde.es\/index.php\/wp-json\/wp\/v2\/pages\/2446","targetHints":{"allow":["GET"]}}],"collection":[{"href":"https:\/\/dev.iesislaverde.es\/index.php\/wp-json\/wp\/v2\/pages"}],"about":[{"href":"https:\/\/dev.iesislaverde.es\/index.php\/wp-json\/wp\/v2\/types\/page"}],"author":[{"embeddable":true,"href":"https:\/\/dev.iesislaverde.es\/index.php\/wp-json\/wp\/v2\/users\/15"}],"replies":[{"embeddable":true,"href":"https:\/\/dev.iesislaverde.es\/index.php\/wp-json\/wp\/v2\/comments?post=2446"}],"version-history":[{"count":6,"href":"https:\/\/dev.iesislaverde.es\/index.php\/wp-json\/wp\/v2\/pages\/2446\/revisions"}],"predecessor-version":[{"id":2946,"href":"https:\/\/dev.iesislaverde.es\/index.php\/wp-json\/wp\/v2\/pages\/2446\/revisions\/2946"}],"wp:attachment":[{"href":"https:\/\/dev.iesislaverde.es\/index.php\/wp-json\/wp\/v2\/media?parent=2446"}],"curies":[{"name":"wp","href":"https:\/\/api.w.org\/{rel}","templated":true}]}}