{"id":2520,"date":"2019-12-23T09:58:58","date_gmt":"2019-12-23T09:58:58","guid":{"rendered":"https:\/\/www.iesislaverde.es\/?page_id=2520"},"modified":"2019-12-23T16:18:21","modified_gmt":"2019-12-23T16:18:21","slug":"estudio_ph_alcornocales","status":"publish","type":"page","link":"https:\/\/dev.iesislaverde.es\/index.php\/estudio_ph_alcornocales\/","title":{"rendered":"Estudio pH de suelo  en el parque natural de los Alcornocales"},"content":{"rendered":"<p>[vc_row][vc_column][vc_empty_space][\/vc_column][\/vc_row][vc_row][vc_column][vc_column_text]<\/p>\n<p style=\"text-align: justify;\"><span style=\"color: #000000;\">Nuestro centro desarrolla durante el presente curso los siguientes proyectos de investigaci\u00f3n con el alumnado de 4\u00ba de ESO y Bachillerato, coordinados por el profesor Sergio A. Gal\u00e1n Mel\u00e9ndez.<\/span><\/p>\n<p><span style=\"color: #008000;\">ESTUDIO DE LA CONTAMINACI\u00d3N AMBIENTAL MEDIANTE LA MEDICI\u00d3N DEL PH DEL SUELO EN EL PARQUE NATURAL DE LOS ALCORNOCALES:<\/span><\/p>\n<p>El alumnado realizar\u00e1 un estudio de campo mediente sensores de medici\u00f3n de pH en suelo tomando como referencia diferentes variables y determinando los niveles de contaminaci\u00f3n del mismo.<\/p>\n<p>Este proyecto participar\u00e1 a concurso de Ciencia en la calle &#8220;Diverciencia&#8221;[\/vc_column_text][\/vc_column][\/vc_row]<\/p>\n","protected":false},"excerpt":{"rendered":"<p>[vc_row][vc_column][vc_empty_space][\/vc_column][\/vc_row][vc_row][vc_column][vc_column_text] Nuestro centro desarrolla durante el presente curso los siguientes proyectos de investigaci\u00f3n con el alumnado de 4\u00ba de ESO y Bachillerato, coordinados por el profesor Sergio A. Gal\u00e1n Mel\u00e9ndez. ESTUDIO DE LA CONTAMINACI\u00d3N AMBIENTAL MEDIANTE LA MEDICI\u00d3N DEL PH DEL SUELO EN EL PARQUE NATURAL DE LOS ALCORNOCALES: El alumnado realizar\u00e1 un estudio de [&hellip;]<\/p>\n","protected":false},"author":15,"featured_media":0,"parent":0,"menu_order":0,"comment_status":"closed","ping_status":"closed","template":"template\/contact.php","meta":{"footnotes":""},"class_list":["post-2520","page","type-page","status-publish","hentry"],"_links":{"self":[{"href":"https:\/\/dev.iesislaverde.es\/index.php\/wp-json\/wp\/v2\/pages\/2520","targetHints":{"allow":["GET"]}}],"collection":[{"href":"https:\/\/dev.iesislaverde.es\/index.php\/wp-json\/wp\/v2\/pages"}],"about":[{"href":"https:\/\/dev.iesislaverde.es\/index.php\/wp-json\/wp\/v2\/types\/page"}],"author":[{"embeddable":true,"href":"https:\/\/dev.iesislaverde.es\/index.php\/wp-json\/wp\/v2\/users\/15"}],"replies":[{"embeddable":true,"href":"https:\/\/dev.iesislaverde.es\/index.php\/wp-json\/wp\/v2\/comments?post=2520"}],"version-history":[{"count":9,"href":"https:\/\/dev.iesislaverde.es\/index.php\/wp-json\/wp\/v2\/pages\/2520\/revisions"}],"predecessor-version":[{"id":2545,"href":"https:\/\/dev.iesislaverde.es\/index.php\/wp-json\/wp\/v2\/pages\/2520\/revisions\/2545"}],"wp:attachment":[{"href":"https:\/\/dev.iesislaverde.es\/index.php\/wp-json\/wp\/v2\/media?parent=2520"}],"curies":[{"name":"wp","href":"https:\/\/api.w.org\/{rel}","templated":true}]}}