{"id":2529,"date":"2019-12-23T15:46:08","date_gmt":"2019-12-23T15:46:08","guid":{"rendered":"https:\/\/www.iesislaverde.es\/?page_id=2529"},"modified":"2019-12-23T17:30:09","modified_gmt":"2019-12-23T17:30:09","slug":"proyecto-cientifico-de-centro","status":"publish","type":"page","link":"https:\/\/dev.iesislaverde.es\/index.php\/proyecto-cientifico-de-centro\/","title":{"rendered":"Proyecto Cient\u00edfico de Centro"},"content":{"rendered":"<p>[vc_row][vc_column][vc_empty_space][\/vc_column][\/vc_row][vc_row][vc_column][vc_column_text][\/vc_column_text][\/vc_column][\/vc_row][vc_row][vc_column][vc_zigzag color=&#8221;green&#8221;][\/vc_column][\/vc_row][vc_row][vc_column][vc_column_text]<\/p>\n<h2>TRABAJOS DE INVESTIGACI\u00d3N Y PROYECTOS EN DESARROLLO<\/h2>\n<p>&nbsp;<\/p>\n<p><span style=\"color: #000000;\">Nuestro centro desarrolla durante el presente curso los siguientes proyectos de investigaci\u00f3n con el alumnado de 4\u00ba de ESO y Bachillerato, coordinados por el profesor, jede de departamento, Sergio A. Gal\u00e1n Mel\u00e9ndez.<\/span><\/p>\n<p>Para el desarrollo de nuestros trabajos de investigaci\u00f3n hacemos uso de sensores digitales @Vernier con trasnmisi\u00f3n a aplicaci\u00f3n gr\u00e1fica y simuladores de la Universidad de Colorado (EEUU).<\/p>\n<ul class=\"privacy-listing\">\n<li><a href=\"https:\/\/dev.iesislaverde.es\/index.php\/estudio_ph_alcornocales\/\">Estudio del pH en el Parque Natural de los Alcornocales.<\/a><\/li>\n<li><a href=\"https:\/\/dev.iesislaverde.es\/index.php\/estudio-de-variables-en-las-propiedades-coligativas-de-las-disoluciones\/\">Estudio de variables influyentes en las propiedades coligativas de las disoluciones.<\/a><\/li>\n<li>Proyecto pr\u00e1ctico de investigaci\u00f3n: Estudio de la presencia de fuerzas intermoleculares en sustancias covalentes de la serie hom\u00f3loga de alcoholes org\u00e1nicos lineales.<\/li>\n<\/ul>\n<p>[\/vc_column_text][\/vc_column][\/vc_row][vc_row][vc_column][vc_zigzag color=&#8221;green&#8221;][\/vc_column][\/vc_row][vc_row][vc_column][vc_column_text]<\/p>\n<h2>PROYECTOS DESARROLLADOS A\u00d1OS ANTERIORES.<\/h2>\n<ul class=\"privacy-listing\">\n<li>El efecto de la alimentaci\u00f3n en el pH de la saliva.<\/li>\n<li>Obtenci\u00f3n de Biodiesel a partir de aceite vegetal y utilizaci\u00f3n como combustible para el motor.<\/li>\n<\/ul>\n<p>[\/vc_column_text][\/vc_column][\/vc_row][vc_row][vc_column][vc_zigzag color=&#8221;green&#8221;][\/vc_column][\/vc_row][vc_row][vc_column][vc_column_text]<\/p>\n<h3>CARTELES DE TRABAJOS DESARROLLADOS<\/h3>\n<p>[\/vc_column_text][\/vc_column][\/vc_row][vc_row][vc_column][vc_zigzag color=&#8221;green&#8221;][\/vc_column][\/vc_row][vc_row][vc_column][vc_column_text]<\/p>\n<h3>PR\u00c1CTICAS CON SIMULADORES DE PROCESOS F\u00cdSICO-QU\u00cdMICOS<\/h3>\n<p>Trabajamos con simuladores de la Universidad de Colorado (EEUU). Estos son algunos ejemplos.<\/p>\n<ul>\n<li><a href=\"https:\/\/dev.iesislaverde.es\/index.php\/simuladores-moleculares\/\">Simulador: Build your molecule<\/a><\/li>\n<li><a href=\"https:\/\/dev.iesislaverde.es\/index.php\/simulador_tarea_alumnado\/\">Trabajo del alumnado son simuladores<\/a><\/li>\n<li><a href=\"https:\/\/dev.iesislaverde.es\/index.php\/simulador_avogadro\/\">Simulador avanzado Avogadro<\/a><\/li>\n<\/ul>\n<p>[\/vc_column_text][\/vc_column][\/vc_row][vc_row][vc_column][vc_zigzag color=&#8221;green&#8221;][\/vc_column][\/vc_row][vc_row][vc_column][vc_column_text]<\/p>\n<h3>PREMIOS OBTENIDOS EN FERIAS CIENT\u00cdFICAS Y CERT\u00c1MENES<\/h3>\n<p>[\/vc_column_text][\/vc_column][\/vc_row][vc_row][vc_column][vc_gallery type=&#8221;image_grid&#8221; images=&#8221;2555,2556,2557&#8243;][\/vc_column][\/vc_row]<\/p>\n","protected":false},"excerpt":{"rendered":"<p>[vc_row][vc_column][vc_empty_space][\/vc_column][\/vc_row][vc_row][vc_column][vc_column_text][\/vc_column_text][\/vc_column][\/vc_row][vc_row][vc_column][vc_zigzag color=&#8221;green&#8221;][\/vc_column][\/vc_row][vc_row][vc_column][vc_column_text] TRABAJOS DE INVESTIGACI\u00d3N Y PROYECTOS EN DESARROLLO &nbsp; Nuestro centro desarrolla durante el presente curso los siguientes proyectos de investigaci\u00f3n con el alumnado de 4\u00ba de ESO y Bachillerato, coordinados por el profesor, jede de departamento, Sergio A. Gal\u00e1n Mel\u00e9ndez. Para el desarrollo de nuestros trabajos de investigaci\u00f3n hacemos uso de sensores digitales [&hellip;]<\/p>\n","protected":false},"author":15,"featured_media":0,"parent":0,"menu_order":0,"comment_status":"closed","ping_status":"closed","template":"template\/contact.php","meta":{"footnotes":""},"class_list":["post-2529","page","type-page","status-publish","hentry"],"_links":{"self":[{"href":"https:\/\/dev.iesislaverde.es\/index.php\/wp-json\/wp\/v2\/pages\/2529","targetHints":{"allow":["GET"]}}],"collection":[{"href":"https:\/\/dev.iesislaverde.es\/index.php\/wp-json\/wp\/v2\/pages"}],"about":[{"href":"https:\/\/dev.iesislaverde.es\/index.php\/wp-json\/wp\/v2\/types\/page"}],"author":[{"embeddable":true,"href":"https:\/\/dev.iesislaverde.es\/index.php\/wp-json\/wp\/v2\/users\/15"}],"replies":[{"embeddable":true,"href":"https:\/\/dev.iesislaverde.es\/index.php\/wp-json\/wp\/v2\/comments?post=2529"}],"version-history":[{"count":20,"href":"https:\/\/dev.iesislaverde.es\/index.php\/wp-json\/wp\/v2\/pages\/2529\/revisions"}],"predecessor-version":[{"id":2574,"href":"https:\/\/dev.iesislaverde.es\/index.php\/wp-json\/wp\/v2\/pages\/2529\/revisions\/2574"}],"wp:attachment":[{"href":"https:\/\/dev.iesislaverde.es\/index.php\/wp-json\/wp\/v2\/media?parent=2529"}],"curies":[{"name":"wp","href":"https:\/\/api.w.org\/{rel}","templated":true}]}}