{"id":2533,"date":"2019-12-23T16:00:40","date_gmt":"2019-12-23T16:00:40","guid":{"rendered":"https:\/\/www.iesislaverde.es\/?page_id=2533"},"modified":"2019-12-23T16:15:53","modified_gmt":"2019-12-23T16:15:53","slug":"estudio-de-variables-en-las-propiedades-coligativas-de-las-disoluciones","status":"publish","type":"page","link":"https:\/\/dev.iesislaverde.es\/index.php\/estudio-de-variables-en-las-propiedades-coligativas-de-las-disoluciones\/","title":{"rendered":"Estudio de variables en las propiedades coligativas de las disoluciones"},"content":{"rendered":"<p>[vc_row][vc_column][vc_empty_space][\/vc_column][\/vc_row][vc_row][vc_column][vc_column_text]<\/p>\n<p style=\"text-align: justify;\"><span style=\"color: #000000;\">Nuestro centro desarrolla durante el presente curso los siguientes proyectos de investigaci\u00f3n con el alumnado de 4\u00ba de ESO y Bachillerato, coordinados por el profesor Sergio A. Gal\u00e1n Mel\u00e9ndez<\/span><\/p>\n<p><span style=\"color: #008000;\">ESTUDIO DE INVESTIGACI\u00d3N SOBRE LA INFLUENCIA DE VARIABLES EN LAS PROPIEDADES COLIGATIVAS DE LAS SUSTANCIAS.<\/span><\/p>\n<p>Pr\u00e1ctica de investigaci\u00f3n basado en el control de variables mediante la utilizaci\u00f3n de diferentes sustancias y basado en dos hip\u00f3tesis.<\/p>\n<p>HIP\u00d3TESIS 1: Comprobaci\u00f3n de la expresi\u00f3n AT= K.m<\/p>\n<p>HIP\u00d3TESIS 2: Influencia de las diferentes sustancias.<\/p>\n<p><iframe loading=\"lazy\" title=\"Trabajo de investigaci\u00f3n  propiedades coligativas\" width=\"900\" height=\"506\" src=\"https:\/\/www.youtube.com\/embed\/kRD9tKnnek0?feature=oembed\" frameborder=\"0\" allow=\"accelerometer; autoplay; encrypted-media; gyroscope; picture-in-picture\" allowfullscreen><\/iframe><\/p>\n<p><a href=\"https:\/\/www.youtube.com\/watch?v=kRD9tKnnek0\">VER EXPOSICI\u00d3N DEL TRABAJO DE INVESTIGACI\u00d3N<\/a><\/p>\n<p>Este proyecto participar\u00e1 a concurso de Ciencia en la calle &#8220;Diverciencia&#8221;[\/vc_column_text][\/vc_column][\/vc_row]<\/p>\n","protected":false},"excerpt":{"rendered":"<p>[vc_row][vc_column][vc_empty_space][\/vc_column][\/vc_row][vc_row][vc_column][vc_column_text] Nuestro centro desarrolla durante el presente curso los siguientes proyectos de investigaci\u00f3n con el alumnado de 4\u00ba de ESO y Bachillerato, coordinados por el profesor Sergio A. Gal\u00e1n Mel\u00e9ndez ESTUDIO DE INVESTIGACI\u00d3N SOBRE LA INFLUENCIA DE VARIABLES EN LAS PROPIEDADES COLIGATIVAS DE LAS SUSTANCIAS. Pr\u00e1ctica de investigaci\u00f3n basado en el control de variables mediante [&hellip;]<\/p>\n","protected":false},"author":15,"featured_media":0,"parent":0,"menu_order":0,"comment_status":"closed","ping_status":"closed","template":"template\/contact.php","meta":{"footnotes":""},"class_list":["post-2533","page","type-page","status-publish","hentry"],"_links":{"self":[{"href":"https:\/\/dev.iesislaverde.es\/index.php\/wp-json\/wp\/v2\/pages\/2533","targetHints":{"allow":["GET"]}}],"collection":[{"href":"https:\/\/dev.iesislaverde.es\/index.php\/wp-json\/wp\/v2\/pages"}],"about":[{"href":"https:\/\/dev.iesislaverde.es\/index.php\/wp-json\/wp\/v2\/types\/page"}],"author":[{"embeddable":true,"href":"https:\/\/dev.iesislaverde.es\/index.php\/wp-json\/wp\/v2\/users\/15"}],"replies":[{"embeddable":true,"href":"https:\/\/dev.iesislaverde.es\/index.php\/wp-json\/wp\/v2\/comments?post=2533"}],"version-history":[{"count":1,"href":"https:\/\/dev.iesislaverde.es\/index.php\/wp-json\/wp\/v2\/pages\/2533\/revisions"}],"predecessor-version":[{"id":2536,"href":"https:\/\/dev.iesislaverde.es\/index.php\/wp-json\/wp\/v2\/pages\/2533\/revisions\/2536"}],"wp:attachment":[{"href":"https:\/\/dev.iesislaverde.es\/index.php\/wp-json\/wp\/v2\/media?parent=2533"}],"curies":[{"name":"wp","href":"https:\/\/api.w.org\/{rel}","templated":true}]}}