{"id":566,"date":"2018-05-02T18:36:04","date_gmt":"2018-05-02T18:36:04","guid":{"rendered":"http:\/\/www.iesislaverde.es\/?page_id=566"},"modified":"2019-11-17T08:51:32","modified_gmt":"2019-11-17T08:51:32","slug":"concurso-limpieza","status":"publish","type":"page","link":"https:\/\/dev.iesislaverde.es\/index.php\/concurso-limpieza\/","title":{"rendered":"Concurso Limpieza"},"content":{"rendered":"<p>[vc_row][vc_column][vc_empty_space][\/vc_column][\/vc_row][vc_row][vc_column][vc_column_text]<\/p>\n<p style=\"text-align: justify;\"><span style=\"color: #000000;\">El Concurso de Limpieza del IES Isla Verde pretende fomentar el uso responsable de las instalaciones del centro, respetando y cuidando tanto las aulas como las zonas comunes.<\/span><br \/>\n<span style=\"color: #000000;\">A lo largo del curso, el personal de limpieza del instituto y algunos miembros del profesorado se encargar\u00e1n de puntuar mensualmente a cada uno de los grupos, seg\u00fan el listado de criterios establecidos:<\/span><\/p>\n<p>&nbsp;<\/p>\n<p style=\"text-align: justify;\"><span style=\"color: #17a43b;\"><strong>REVISI\u00d3N DE LAS AULAS<\/strong><\/span><\/p>\n<ul>\n<li style=\"padding-left: 30px;\"><span style=\"color: #000000;\">Estado de limpieza en general, suelos, mesas, pizarra, paredes&#8230;<\/span><\/li>\n<li style=\"padding-left: 30px;\"><span style=\"color: #000000;\">Orden de mesas y sillas levantadas.<\/span><\/li>\n<li style=\"padding-left: 30px;\"><span style=\"color: #000000;\">Estado de las ventanas y persianas que deber\u00e1n permanecer cerradas a la finalizaci\u00f3n de la jornada, as\u00ed como las luces apagadas.<\/span><\/li>\n<\/ul>\n<p>&nbsp;<\/p>\n<p><span style=\"color: #17a43b;\"><strong>BRIGADAS DE LIMPIEZA<\/strong><\/span><\/p>\n<ul>\n<li style=\"padding-left: 30px;\">\n<p style=\"text-align: justify;\"><span style=\"color: #000000;\">Con la intenci\u00f3n de evitar que se tiren desperdicios al patio, una vez cada quince d\u00edas, los alumnos de cada clase, acompa\u00f1ados de un profesor (la jefa del DACE, la vicedirectora, los tutores o cualquiera que quiera colaborar), recorrer\u00e1n el patio durante la hora del recreo, pidiendo a sus compa\u00f1eros que depositen los restos del desayuno en bolsas de basura, en lugar de tirarlos al suelo. 3 puntos por salida.<\/span><\/p>\n<\/li>\n<\/ul>\n<p>&nbsp;<\/p>\n<p><span style=\"color: #17a43b;\"><strong>RECICLAJE<\/strong><\/span><\/p>\n<ul>\n<li style=\"padding-left: 30px;\"><span style=\"color: #000000;\">Los grupos que promuevan el reciclaje sumar\u00e1n 1 punto por cada contenedor diferenciado de basura.<\/span><\/li>\n<\/ul>\n<p>&nbsp;<\/p>\n<p><span style=\"color: #17a43b;\"><strong>PROYECTOS Y TRABAJOS<\/strong><\/span><\/p>\n<ul>\n<li style=\"padding-left: 30px;\">\n<p style=\"text-align: justify;\"><span style=\"color: #000000;\">Los alumnos y alumnas que desarrollen proyectos colaborativos y trabajen la limpieza, el reciclaje, la contaminaci\u00f3n y otros temas relacionados, tanto en las distintas asignaturas como en las horas de tutor\u00eda obtendr\u00e1n puntuaci\u00f3n extra seg\u00fan la calidad de los trabajos desarrollados.<\/span><\/p>\n<\/li>\n<\/ul>\n<p>&nbsp;<\/p>\n<p><span style=\"color: #000000;\">El premio consistir\u00e1 en alg\u00fan tipo de actividad o excursi\u00f3n que tendr\u00e1 lugar durante nuestro mes de Mayo Cultural.<\/span><\/p>\n<p style=\"text-align: justify;\"><span style=\"color: #000000;\">Ser\u00e1n premiados los tres grupos que consigan una mayor puntuaci\u00f3n al finalizar el mes de abril. En caso de empate entre grupos, el Equipo Directivo decidir\u00e1 si se premia a ambos vencedores o se somete a sorteo.<\/span><\/p>\n<p>&nbsp;<\/p>\n<p><span style=\"color: #000000;\">Y recuerda que <strong><em>\u201cno es m\u00e1s limpio el que m\u00e1s limpia, sino el que menos ensucia\u201d.<\/em><\/strong><\/span>[\/vc_column_text][\/vc_column][\/vc_row]<\/p>\n","protected":false},"excerpt":{"rendered":"<p>[vc_row][vc_column][vc_empty_space][\/vc_column][\/vc_row][vc_row][vc_column][vc_column_text] El Concurso de Limpieza del IES Isla Verde pretende fomentar el uso responsable de las instalaciones del centro, respetando y cuidando tanto las aulas como las zonas comunes. A lo largo del curso, el personal de limpieza del instituto y algunos miembros del profesorado se encargar\u00e1n de puntuar mensualmente a cada uno de los [&hellip;]<\/p>\n","protected":false},"author":15,"featured_media":0,"parent":0,"menu_order":0,"comment_status":"closed","ping_status":"closed","template":"template\/contact.php","meta":{"footnotes":""},"class_list":["post-566","page","type-page","status-publish","hentry"],"_links":{"self":[{"href":"https:\/\/dev.iesislaverde.es\/index.php\/wp-json\/wp\/v2\/pages\/566","targetHints":{"allow":["GET"]}}],"collection":[{"href":"https:\/\/dev.iesislaverde.es\/index.php\/wp-json\/wp\/v2\/pages"}],"about":[{"href":"https:\/\/dev.iesislaverde.es\/index.php\/wp-json\/wp\/v2\/types\/page"}],"author":[{"embeddable":true,"href":"https:\/\/dev.iesislaverde.es\/index.php\/wp-json\/wp\/v2\/users\/15"}],"replies":[{"embeddable":true,"href":"https:\/\/dev.iesislaverde.es\/index.php\/wp-json\/wp\/v2\/comments?post=566"}],"version-history":[{"count":1,"href":"https:\/\/dev.iesislaverde.es\/index.php\/wp-json\/wp\/v2\/pages\/566\/revisions"}],"predecessor-version":[{"id":2362,"href":"https:\/\/dev.iesislaverde.es\/index.php\/wp-json\/wp\/v2\/pages\/566\/revisions\/2362"}],"wp:attachment":[{"href":"https:\/\/dev.iesislaverde.es\/index.php\/wp-json\/wp\/v2\/media?parent=566"}],"curies":[{"name":"wp","href":"https:\/\/api.w.org\/{rel}","templated":true}]}}