{"id":587,"date":"2018-05-02T18:45:42","date_gmt":"2018-05-02T18:45:42","guid":{"rendered":"http:\/\/www.iesislaverde.es\/?page_id=587"},"modified":"2021-06-03T15:32:57","modified_gmt":"2021-06-03T15:32:57","slug":"libros-de-texto","status":"publish","type":"page","link":"https:\/\/dev.iesislaverde.es\/index.php\/libros-de-texto\/","title":{"rendered":"Libros de Texto"},"content":{"rendered":"<p>[vc_row][vc_column][vc_empty_space][\/vc_column][\/vc_row][vc_row][vc_column][vc_column_text]<\/p>\n<p style=\"text-align: justify;\"><img loading=\"lazy\" decoding=\"async\" class=\"size-medium wp-image-1478 alignright\" src=\"https:\/\/dev.iesislaverde.es\/wp-content\/uploads\/2018\/05\/books-484766-300x200.jpg\" alt=\"\" width=\"300\" height=\"200\" srcset=\"https:\/\/dev.iesislaverde.es\/wp-content\/uploads\/2018\/05\/books-484766-300x200.jpg 300w, https:\/\/dev.iesislaverde.es\/wp-content\/uploads\/2018\/05\/books-484766-768x512.jpg 768w, https:\/\/dev.iesislaverde.es\/wp-content\/uploads\/2018\/05\/books-484766-1024x683.jpg 1024w\" sizes=\"auto, (max-width: 300px) 100vw, 300px\" \/>Bienvenidos a esta secci\u00f3n de Libros de Texto del IES Isla Verde, donde podr\u00e9is encontrar los libros de textos pertenecientes a todos los cursos. Se indican los libros que son necesarios y los recomendados (opcionales) en ense\u00f1anzas postobligatorias. Es importante fijarse bien en c\u00f3digo ISBN a la hora de realizar la compra. Sobre el resto de material escolar necesario se dar\u00e1n las indicaciones oportunas en clase por parte del profesorado.<\/p>\n<ul class=\"privacy-listing\">\n<li><a href=\"https:\/\/www.dropbox.com\/s\/fb99i8vltc1zmi8\/libros_1_eso.pdf?dl=0\">Libros de texto 1\u00ba ESO<\/a><\/li>\n<li><a href=\"https:\/\/www.dropbox.com\/s\/h7e8purycp56cqi\/libros_2_eso.pdf?dl=0\">Libros de texto 2\u00ba ESO <\/a><\/li>\n<li><a href=\"https:\/\/www.dropbox.com\/s\/6is0c5yqlgvai5h\/libros_3_eso.pdf?dl=0\">Libros de texto 3\u00baESO <\/a><\/li>\n<li><a href=\"https:\/\/www.dropbox.com\/s\/9rk50z9ljuri2ea\/libros_4_eso.pdf?dl=0\">Libros de texto 4\u00baESO <\/a><\/li>\n<li><a href=\"https:\/\/www.dropbox.com\/s\/d1mzhe9nvx3rosd\/libros_1_bach.pdf?dl=0\">Libros de texto 1\u00baBACH<\/a><\/li>\n<li><a href=\"https:\/\/www.dropbox.com\/s\/zm0l82iho3mvgt7\/libros_2_bach.pdf?dl=0\">Libros de texto 2\u00baBACH<\/a><\/li>\n<li><a href=\"https:\/\/www.dropbox.com\/s\/ayerd10ib9b76wg\/libros_1_fpb.pdf?dl=0\">FP B\u00c1SICA: 1\u00baSERVICIOS COMERCIALES<\/a><\/li>\n<li><a href=\"https:\/\/www.dropbox.com\/s\/hckpw4g3f4ao882\/libros_2_fpb.pdf?dl=0\">FP B\u00c1SICA: 2\u00baSERVICIOS COMERCIALES<\/a><\/li>\n<li><a href=\"https:\/\/www.dropbox.com\/s\/l8lob4p7pfdw9uk\/libros_ciclos.pdf?dl=0\">Ciclos Formativos: Ingl\u00e9s<\/a><\/li>\n<\/ul>\n<p>[\/vc_column_text][\/vc_column][\/vc_row]<\/p>\n","protected":false},"excerpt":{"rendered":"<p>[vc_row][vc_column][vc_empty_space][\/vc_column][\/vc_row][vc_row][vc_column][vc_column_text] Bienvenidos a esta secci\u00f3n de Libros de Texto del IES Isla Verde, donde podr\u00e9is encontrar los libros de textos pertenecientes a todos los cursos. Se indican los libros que son necesarios y los recomendados (opcionales) en ense\u00f1anzas postobligatorias. Es importante fijarse bien en c\u00f3digo ISBN a la hora de realizar la compra. Sobre el [&hellip;]<\/p>\n","protected":false},"author":15,"featured_media":0,"parent":0,"menu_order":0,"comment_status":"closed","ping_status":"closed","template":"template\/contact.php","meta":{"footnotes":""},"class_list":["post-587","page","type-page","status-publish","hentry"],"_links":{"self":[{"href":"https:\/\/dev.iesislaverde.es\/index.php\/wp-json\/wp\/v2\/pages\/587","targetHints":{"allow":["GET"]}}],"collection":[{"href":"https:\/\/dev.iesislaverde.es\/index.php\/wp-json\/wp\/v2\/pages"}],"about":[{"href":"https:\/\/dev.iesislaverde.es\/index.php\/wp-json\/wp\/v2\/types\/page"}],"author":[{"embeddable":true,"href":"https:\/\/dev.iesislaverde.es\/index.php\/wp-json\/wp\/v2\/users\/15"}],"replies":[{"embeddable":true,"href":"https:\/\/dev.iesislaverde.es\/index.php\/wp-json\/wp\/v2\/comments?post=587"}],"version-history":[{"count":4,"href":"https:\/\/dev.iesislaverde.es\/index.php\/wp-json\/wp\/v2\/pages\/587\/revisions"}],"predecessor-version":[{"id":2910,"href":"https:\/\/dev.iesislaverde.es\/index.php\/wp-json\/wp\/v2\/pages\/587\/revisions\/2910"}],"wp:attachment":[{"href":"https:\/\/dev.iesislaverde.es\/index.php\/wp-json\/wp\/v2\/media?parent=587"}],"curies":[{"name":"wp","href":"https:\/\/api.w.org\/{rel}","templated":true}]}}