{"id":588,"date":"2018-05-02T18:45:42","date_gmt":"2018-05-02T18:45:42","guid":{"rendered":"http:\/\/www.iesislaverde.es\/?page_id=588"},"modified":"2020-11-17T10:21:18","modified_gmt":"2020-11-17T10:21:18","slug":"documentos-del-centro","status":"publish","type":"page","link":"https:\/\/dev.iesislaverde.es\/index.php\/documentos-del-centro\/","title":{"rendered":"Plan de Centro"},"content":{"rendered":"<p>[vc_row][vc_column][vc_empty_space][\/vc_column][\/vc_row][vc_row][vc_column][vc_column_text]<\/p>\n<ul class=\"privacy-listing\">\n<li><a href=\"https:\/\/dev.iesislaverde.es\/wp-content\/uploads\/2020\/11\/proyecto_educativo_web.pdf\">Proyecto Educativo<\/a><\/li>\n<li><a href=\"https:\/\/dev.iesislaverde.es\/wp-content\/uploads\/2020\/11\/Plan-de-Convivencia_web.pdf\">Plan de Convivencia<\/a><\/li>\n<li><a href=\"https:\/\/dev.iesislaverde.es\/wp-content\/uploads\/2020\/11\/rof_web.pdf\">Reglamento de organizaci\u00f3n y funcionamiento<\/a><\/li>\n<li><a href=\"https:\/\/dev.iesislaverde.es\/wp-content\/uploads\/2020\/11\/proyecto_de_gestion_web.pdf\">Proyecto de Gesti\u00f3n<\/a><\/li>\n<li><a href=\"https:\/\/dev.iesislaverde.es\/wp-content\/uploads\/2020\/11\/Plan_actuacion_digital_20_21.pdf\">Plan de Actuaci\u00f3n Digital<\/a><\/li>\n<li><a href=\"https:\/\/dev.iesislaverde.es\/wp-content\/uploads\/2020\/11\/PGA_20_21.pdf\">Programaci\u00f3n General Anual<\/a><\/li>\n<li><a href=\"https:\/\/dev.iesislaverde.es\/wp-content\/uploads\/2020\/11\/0_Informe-de-Actualizacion.pdf\">Informe de actualizaci\u00f3n del Plan de Centro<\/a><\/li>\n<\/ul>\n<p>[\/vc_column_text][\/vc_column][\/vc_row]<\/p>\n","protected":false},"excerpt":{"rendered":"<p>[vc_row][vc_column][vc_empty_space][\/vc_column][\/vc_row][vc_row][vc_column][vc_column_text] Proyecto Educativo Plan de Convivencia Reglamento de organizaci\u00f3n y funcionamiento Proyecto de Gesti\u00f3n Plan de Actuaci\u00f3n Digital Programaci\u00f3n General Anual Informe de actualizaci\u00f3n del Plan de Centro [\/vc_column_text][\/vc_column][\/vc_row]<\/p>\n","protected":false},"author":15,"featured_media":0,"parent":0,"menu_order":0,"comment_status":"closed","ping_status":"closed","template":"template\/contact.php","meta":{"footnotes":""},"class_list":["post-588","page","type-page","status-publish","hentry"],"_links":{"self":[{"href":"https:\/\/dev.iesislaverde.es\/index.php\/wp-json\/wp\/v2\/pages\/588","targetHints":{"allow":["GET"]}}],"collection":[{"href":"https:\/\/dev.iesislaverde.es\/index.php\/wp-json\/wp\/v2\/pages"}],"about":[{"href":"https:\/\/dev.iesislaverde.es\/index.php\/wp-json\/wp\/v2\/types\/page"}],"author":[{"embeddable":true,"href":"https:\/\/dev.iesislaverde.es\/index.php\/wp-json\/wp\/v2\/users\/15"}],"replies":[{"embeddable":true,"href":"https:\/\/dev.iesislaverde.es\/index.php\/wp-json\/wp\/v2\/comments?post=588"}],"version-history":[{"count":7,"href":"https:\/\/dev.iesislaverde.es\/index.php\/wp-json\/wp\/v2\/pages\/588\/revisions"}],"predecessor-version":[{"id":3028,"href":"https:\/\/dev.iesislaverde.es\/index.php\/wp-json\/wp\/v2\/pages\/588\/revisions\/3028"}],"wp:attachment":[{"href":"https:\/\/dev.iesislaverde.es\/index.php\/wp-json\/wp\/v2\/media?parent=588"}],"curies":[{"name":"wp","href":"https:\/\/api.w.org\/{rel}","templated":true}]}}