{"id":597,"date":"2018-05-02T18:45:42","date_gmt":"2018-05-02T18:45:42","guid":{"rendered":"http:\/\/www.iesislaverde.es\/?page_id=597"},"modified":"2019-11-17T08:51:31","modified_gmt":"2019-11-17T08:51:31","slug":"acceso-universidad","status":"publish","type":"page","link":"https:\/\/dev.iesislaverde.es\/index.php\/acceso-universidad\/","title":{"rendered":"Acceso Universidad"},"content":{"rendered":"<p>[vc_row][vc_column][vc_empty_space][\/vc_column][\/vc_row][vc_row][vc_column][vc_column_text]<\/p>\n<ul class=\"privacy-listing\">\n<li><a href=\"http:\/\/www.juntadeandalucia.es\/economiainnovacionyciencia\/sguit\/\">Acceso a los grados universitarios<\/a><\/li>\n<li><a href=\"http:\/\/www.juntadeandalucia.es\/economiainnovacionyciencia\/sguit\/documentacion\/Parametros_2017_2018.pdf\">P\u00e1rametros de Ponderaci\u00f3n<\/a><\/li>\n<li><a href=\"http:\/\/www.juntadeandalucia.es\/innovacioncienciayempresa\/sguitg_b_examenes_anteriores.php\">Acceso a todas las pruebas de a\u00f1os anteriores<\/a><\/li>\n<\/ul>\n<p><img loading=\"lazy\" decoding=\"async\" class=\"alignnone size-medium wp-image-1552\" src=\"https:\/\/dev.iesislaverde.es\/wp-content\/uploads\/2018\/05\/Universidad-de-C\u00e1diz-UCA-Puerto-Real-Campus-1-300x150.jpg\" alt=\"\" width=\"300\" height=\"150\" srcset=\"https:\/\/dev.iesislaverde.es\/wp-content\/uploads\/2018\/05\/Universidad-de-C\u00e1diz-UCA-Puerto-Real-Campus-1-300x150.jpg 300w, https:\/\/dev.iesislaverde.es\/wp-content\/uploads\/2018\/05\/Universidad-de-C\u00e1diz-UCA-Puerto-Real-Campus-1-768x384.jpg 768w, https:\/\/dev.iesislaverde.es\/wp-content\/uploads\/2018\/05\/Universidad-de-C\u00e1diz-UCA-Puerto-Real-Campus-1.jpg 1000w\" sizes=\"auto, (max-width: 300px) 100vw, 300px\" \/>[\/vc_column_text][\/vc_column][\/vc_row]<\/p>\n","protected":false},"excerpt":{"rendered":"<p>[vc_row][vc_column][vc_empty_space][\/vc_column][\/vc_row][vc_row][vc_column][vc_column_text] Acceso a los grados universitarios P\u00e1rametros de Ponderaci\u00f3n Acceso a todas las pruebas de a\u00f1os anteriores [\/vc_column_text][\/vc_column][\/vc_row]<\/p>\n","protected":false},"author":15,"featured_media":0,"parent":0,"menu_order":0,"comment_status":"closed","ping_status":"closed","template":"template\/contact.php","meta":{"footnotes":""},"class_list":["post-597","page","type-page","status-publish","hentry"],"_links":{"self":[{"href":"https:\/\/dev.iesislaverde.es\/index.php\/wp-json\/wp\/v2\/pages\/597","targetHints":{"allow":["GET"]}}],"collection":[{"href":"https:\/\/dev.iesislaverde.es\/index.php\/wp-json\/wp\/v2\/pages"}],"about":[{"href":"https:\/\/dev.iesislaverde.es\/index.php\/wp-json\/wp\/v2\/types\/page"}],"author":[{"embeddable":true,"href":"https:\/\/dev.iesislaverde.es\/index.php\/wp-json\/wp\/v2\/users\/15"}],"replies":[{"embeddable":true,"href":"https:\/\/dev.iesislaverde.es\/index.php\/wp-json\/wp\/v2\/comments?post=597"}],"version-history":[{"count":1,"href":"https:\/\/dev.iesislaverde.es\/index.php\/wp-json\/wp\/v2\/pages\/597\/revisions"}],"predecessor-version":[{"id":2351,"href":"https:\/\/dev.iesislaverde.es\/index.php\/wp-json\/wp\/v2\/pages\/597\/revisions\/2351"}],"wp:attachment":[{"href":"https:\/\/dev.iesislaverde.es\/index.php\/wp-json\/wp\/v2\/media?parent=597"}],"curies":[{"name":"wp","href":"https:\/\/api.w.org\/{rel}","templated":true}]}}