{"id":76,"date":"2017-08-04T10:11:15","date_gmt":"2017-08-04T10:11:15","guid":{"rendered":"http:\/\/themetrademark.com\/demo\/edumart\/?page_id=76"},"modified":"2020-11-17T10:13:05","modified_gmt":"2020-11-17T10:13:05","slug":"privacy","status":"publish","type":"page","link":"https:\/\/dev.iesislaverde.es\/index.php\/privacy\/","title":{"rendered":"Programaciones did\u00e1cticas"},"content":{"rendered":"<p>[vc_row][vc_column][vc_empty_space][\/vc_column][\/vc_row][vc_row][vc_column][vc_column_text]<\/p>\n<p style=\"text-align: justify;\">Las programaciones did\u00e1cticas est\u00e1n desarrolladas para los distintos niveles seg\u00fan el departamento de adscripci\u00f3n y contienen lo recogido en el art 29 de Decreto 327\/2010.<\/p>\n<p style=\"text-align: justify;\">Pincha dentro del curso y se descargar\u00e1 un archivo comprimido .rar que contiene todas las programaciones correspondientes a ese nivel. En el apartado H. Precisiones sobre la evaluaci\u00f3n de las programaciones de ESO y Bachillerato se recogen los Criterios de calificaci\u00f3n de cada una de las materias basados en la nueva normativa LOMCE.<\/p>\n<p>En muchas de las programaciones el archivo contiene las programaciones de las materias de la especialidad en la etapa educativa y hay que dirigirse al nivel concreto ( por ejemplo, 1\u00ba ESO, 2\u00ba ESO,&#8230;). Las materias de los \u00e1mbitos de PMAR se encuentran se\u00f1aladas con las programaciones con doble asterisco (**).<\/p>\n<p style=\"text-align: justify;\">El enlace correspondiente lleva al portal de descarga y a continuaci\u00f3n pulsar descargar (bot\u00f3n azul)<\/p>\n<ul class=\"privacy-listing\">\n<li><a href=\"https:\/\/www.dropbox.com\/s\/6kqjeb9liumw3or\/prog_1_ESO.rar?dl=0\">1\u00ba ESO<\/a><\/li>\n<li><a href=\"https:\/\/www.dropbox.com\/s\/a8xz44smpf0g3az\/prog_2_ESO.rar?dl=0\">2\u00ba ESO Y PMAR I<\/a><\/li>\n<li><a href=\"https:\/\/www.dropbox.com\/s\/pcembva500zqz5v\/prog_3_ESO.rar?dl=0\">3\u00ba ESO Y PMAR II<\/a><\/li>\n<li><a href=\"https:\/\/www.dropbox.com\/s\/vduafy8vu52npp5\/prog_4_ESO.rar?dl=0\">4\u00ba ESO<\/a><\/li>\n<li><a href=\"https:\/\/www.dropbox.com\/s\/av6dqcfwv5f7tr3\/prog_1_bach.rar?dl=0\">1\u00ba BACHILLERATO<\/a><\/li>\n<li><a href=\"https:\/\/www.dropbox.com\/s\/cndffpa49m7qgii\/prog_2_bach.rar?dl=0\">2\u00ba BACHILLERATO<\/a><\/li>\n<li><a href=\"https:\/\/www.dropbox.com\/s\/35114jczo9y34xd\/prog_FPB.rar?dl=0\">FPB<\/a><\/li>\n<li><a href=\"https:\/\/www.dropbox.com\/s\/7jgyqzqu9du5los\/prog_ciclos_formativos.rar?dl=0\">CICLOS FORMATIVOS<\/a><\/li>\n<\/ul>\n<ul>\n<li><a href=\"https:\/\/dev.iesislaverde.es\/wp-content\/uploads\/2020\/11\/criterios_y_procedimientos_generales_evaluacion_familias.pdf\">Criterios y Procedimientos Generales de Calificaci\u00f3n del Centro (contemplados en el Proyecto Educativo)<\/a><\/li>\n<\/ul>\n<p>[\/vc_column_text][\/vc_column][\/vc_row]<\/p>\n","protected":false},"excerpt":{"rendered":"<p>[vc_row][vc_column][vc_empty_space][\/vc_column][\/vc_row][vc_row][vc_column][vc_column_text] Las programaciones did\u00e1cticas est\u00e1n desarrolladas para los distintos niveles seg\u00fan el departamento de adscripci\u00f3n y contienen lo recogido en el art 29 de Decreto 327\/2010. Pincha dentro del curso y se descargar\u00e1 un archivo comprimido .rar que contiene todas las programaciones correspondientes a ese nivel. En el apartado H. Precisiones sobre la evaluaci\u00f3n de [&hellip;]<\/p>\n","protected":false},"author":15,"featured_media":0,"parent":0,"menu_order":0,"comment_status":"closed","ping_status":"closed","template":"template\/contact.php","meta":{"footnotes":""},"class_list":["post-76","page","type-page","status-publish","hentry"],"_links":{"self":[{"href":"https:\/\/dev.iesislaverde.es\/index.php\/wp-json\/wp\/v2\/pages\/76","targetHints":{"allow":["GET"]}}],"collection":[{"href":"https:\/\/dev.iesislaverde.es\/index.php\/wp-json\/wp\/v2\/pages"}],"about":[{"href":"https:\/\/dev.iesislaverde.es\/index.php\/wp-json\/wp\/v2\/types\/page"}],"author":[{"embeddable":true,"href":"https:\/\/dev.iesislaverde.es\/index.php\/wp-json\/wp\/v2\/users\/15"}],"replies":[{"embeddable":true,"href":"https:\/\/dev.iesislaverde.es\/index.php\/wp-json\/wp\/v2\/comments?post=76"}],"version-history":[{"count":5,"href":"https:\/\/dev.iesislaverde.es\/index.php\/wp-json\/wp\/v2\/pages\/76\/revisions"}],"predecessor-version":[{"id":3024,"href":"https:\/\/dev.iesislaverde.es\/index.php\/wp-json\/wp\/v2\/pages\/76\/revisions\/3024"}],"wp:attachment":[{"href":"https:\/\/dev.iesislaverde.es\/index.php\/wp-json\/wp\/v2\/media?parent=76"}],"curies":[{"name":"wp","href":"https:\/\/api.w.org\/{rel}","templated":true}]}}